{"id":1026,"date":"2019-03-18T08:33:54","date_gmt":"2019-03-18T07:33:54","guid":{"rendered":"http:\/\/localhost\/consultax\/?page_id=1026"},"modified":"2024-10-11T20:06:29","modified_gmt":"2024-10-11T18:06:29","slug":"a-propos","status":"publish","type":"page","link":"https:\/\/jobs-luxembourg.org\/index.php\/a-propos\/","title":{"rendered":"A propos"},"content":{"rendered":"<p>[vc_row el_class=&#8221;section-padd&#8221;][vc_column]\n    <div class=\"section-head \">\n                    <h6><span>A PROPOS DE NOUS<\/span><\/h6>\n                <h2 class=\"section-title\">Nous sommes Jobs Luxembourg<\/h2>\n            <\/div>\n\n[vc_column_text css=&#8221;.vc_custom_1703610841531{margin-bottom: 30px !important;}&#8221;]<\/p>\n<h3>Notre Histoire<\/h3>\n<p>Bienvenue chez Jobs Luxembourg, votre partenaire de confiance dans la recherche d&#8217;emploi au Grand-Duch\u00e9. Fond\u00e9 en [ann\u00e9e de fondation], Jobs Luxembourg a \u00e9merg\u00e9 de la volont\u00e9 de faciliter la transition professionnelle pour les talents internationaux cherchant \u00e0 s&#8217;\u00e9panouir au c\u0153ur de l&#8217;Europe.[\/vc_column_text]\n    <div class=\"ot-socials \">\n        <span>Follow us:<\/span>\n                <a target=_blank href=\"#\"><i class=\"fa fa-facebook\"><\/i><\/a>\n                <a target=_blank href=\"#\"><i class=\"fa fa-twitter\"><\/i><\/a>\n                <a target=_blank href=\"#\"><i class=\"fa fa-pinterest-p\"><\/i><\/a>\n                <a target=_blank href=\"#\"><i class=\"fa fa-linkedin\"><\/i><\/a>\n            <\/div>\n\n[\/vc_column][\/vc_row][vc_row full_width=&#8221;stretch_row_content_no_spaces&#8221; css=&#8221;.vc_custom_1552904105275{padding-top: 0px !important;padding-right: 0px !important;padding-bottom: 0px !important;padding-left: 0px !important;}&#8221;][vc_column]\n    <div class=\"image-carousel \" data-show=\"1\" data-arrow=\"true\">\n                <div>\n            <div class=\"img-item\">\n                <img fetchpriority=\"high\" decoding=\"async\" width=\"1169\" height=\"500\" src=\"https:\/\/jobs-luxembourg.org\/wp-content\/uploads\/2019\/03\/about1.jpg\" class=\"attachment-full size-full\" alt=\"\" srcset=\"https:\/\/jobs-luxembourg.org\/wp-content\/uploads\/2019\/03\/about1.jpg 1169w, https:\/\/jobs-luxembourg.org\/wp-content\/uploads\/2019\/03\/about1-300x128.jpg 300w, https:\/\/jobs-luxembourg.org\/wp-content\/uploads\/2019\/03\/about1-1024x438.jpg 1024w, https:\/\/jobs-luxembourg.org\/wp-content\/uploads\/2019\/03\/about1-768x328.jpg 768w\" sizes=\"(max-width: 1169px) 100vw, 1169px\" \/>            <\/div>\n        <\/div>\n                <div>\n            <div class=\"img-item\">\n                <img decoding=\"async\" width=\"1169\" height=\"500\" src=\"https:\/\/jobs-luxembourg.org\/wp-content\/uploads\/2019\/03\/about2.jpg\" class=\"attachment-full size-full\" alt=\"\" srcset=\"https:\/\/jobs-luxembourg.org\/wp-content\/uploads\/2019\/03\/about2.jpg 1169w, https:\/\/jobs-luxembourg.org\/wp-content\/uploads\/2019\/03\/about2-300x128.jpg 300w, https:\/\/jobs-luxembourg.org\/wp-content\/uploads\/2019\/03\/about2-1024x438.jpg 1024w, https:\/\/jobs-luxembourg.org\/wp-content\/uploads\/2019\/03\/about2-768x328.jpg 768w\" sizes=\"(max-width: 1169px) 100vw, 1169px\" \/>            <\/div>\n        <\/div>\n            <\/div>\n\n    [\/vc_column][\/vc_row][vc_row equal_height=&#8221;yes&#8221; el_class=&#8221;section-padd&#8221;][vc_column]\n    <div class=\"section-head \">\n                    <h6><span>Que faisons nous ?<\/span><\/h6>\n                <h2 class=\"section-title\">Notre mission<\/h2>\n            <\/div>\n\n[vc_column_text]Notre mission chez Jobs Luxembourg est de cr\u00e9er des opportunit\u00e9s professionnelles significatives en connectant les talents avec des entreprises de premier plan au Luxembourg. Nous croyons fermement en la valeur de l&#8217;exp\u00e9rience internationale et nous nous engageons \u00e0 accompagner nos candidats tout au long de leur parcours professionnel.<\/p>\n<p><a class=\"pagelink\" href=\"#\">Nos services<\/a>[\/vc_column_text][\/vc_column][vc_column][vc_row_inner equal_height=&#8221;yes&#8221; css=&#8221;.vc_custom_1554193348067{padding-bottom: 50px !important;}&#8221;][vc_column_inner el_class=&#8221;radius-left&#8221; css=&#8221;.vc_custom_1703611198132{padding-top: 189px !important;padding-bottom: 170px !important;background-image: url(https:\/\/jobs-luxembourg.org\/wp-content\/uploads\/2023\/12\/Bienvenue-Luxembourg-1.jpg?id=2268) !important;background-position: center !important;background-repeat: no-repeat !important;background-size: cover !important;}&#8221; offset=&#8221;vc_col-md-6&#8243;][\/vc_column_inner][vc_column_inner el_class=&#8221;bg-second radius-right&#8221; offset=&#8221;vc_col-md-6&#8243;]\n    <div class=\"section-head  text-light\">\n                <h2 class=\"section-title\">Nos valeurs<\/h2>\n            <\/div>\n\n[vc_column_text el_class=&#8221;text-light padding-box&#8221; css=&#8221;.vc_custom_1703610955407{margin-bottom: 20px !important;padding-bottom: 0px !important;}&#8221;]<\/p>\n<ul>\n<li><strong>Int\u00e9grit\u00e9:<\/strong> Nous sommes guid\u00e9s par des normes \u00e9thiques \u00e9lev\u00e9es, assurant une transparence totale dans nos relations avec les candidats et les entreprises partenaires.<\/li>\n<li><strong>Engagement:<\/strong> Nous sommes d\u00e9vou\u00e9s \u00e0 offrir un service client exceptionnel et \u00e0 soutenir nos candidats \u00e0 chaque \u00e9tape de leur recherche d&#8217;emploi.<\/li>\n<li><strong>Excellence:<\/strong> Nous recherchons l&#8217;excellence dans tout ce que nous faisons, en mettant l&#8217;accent sur la qualit\u00e9, la pr\u00e9cision et l&#8217;efficacit\u00e9.<\/li>\n<li><strong>Innovation:<\/strong> Nous sommes constamment \u00e0 la recherche de nouvelles fa\u00e7ons d&#8217;am\u00e9liorer nos services et de rester \u00e0 la pointe des tendances du march\u00e9 de l&#8217;emploi.<\/li>\n<\/ul>\n<p>[\/vc_column_text][\/vc_column_inner][\/vc_row_inner][\/vc_column][vc_column]\n    <div class=\"section-head has-line\">\n                    <h6><span>Nos partenaires<\/span><\/h6>\n            <\/div>\n\n[vc_empty_space height=&#8221;30px&#8221;]\n    <div class=\"partner-slider image-carousel \" data-show=\"5\" data-arrow=\"false\">\n                <div>\n            <div class=\"partner-item text-center clearfix\">\n                <div class=\"inner\">\n                    <a target=\"_blank\" href=\"\">                        <div class=\"thumb\">\n                            <img decoding=\"async\" width=\"107\" height=\"30\" src=\"https:\/\/jobs-luxembourg.org\/wp-content\/uploads\/2019\/03\/logo1.png\" class=\"attachment-full size-full\" alt=\"logo1\" \/>                        <\/div>\n                    <\/a>                <\/div>\n            <\/div>\n        <\/div>\n                <div>\n            <div class=\"partner-item text-center clearfix\">\n                <div class=\"inner\">\n                    <a target=\"_blank\" href=\"\">                        <div class=\"thumb\">\n                            <img loading=\"lazy\" decoding=\"async\" width=\"156\" height=\"29\" src=\"https:\/\/jobs-luxembourg.org\/wp-content\/uploads\/2019\/03\/logo2.png\" class=\"attachment-full size-full\" alt=\"logo2\" srcset=\"https:\/\/jobs-luxembourg.org\/wp-content\/uploads\/2019\/03\/logo2.png 156w, https:\/\/jobs-luxembourg.org\/wp-content\/uploads\/2019\/03\/logo2-150x29.png 150w\" sizes=\"(max-width: 156px) 100vw, 156px\" \/>                        <\/div>\n                    <\/a>                <\/div>\n            <\/div>\n        <\/div>\n                <div>\n            <div class=\"partner-item text-center clearfix\">\n                <div class=\"inner\">\n                    <a target=\"_blank\" href=\"\">                        <div class=\"thumb\">\n                            <img loading=\"lazy\" decoding=\"async\" width=\"160\" height=\"29\" src=\"https:\/\/jobs-luxembourg.org\/wp-content\/uploads\/2019\/03\/logo4.png\" class=\"attachment-full size-full\" alt=\"logo4\" \/>                        <\/div>\n                    <\/a>                <\/div>\n            <\/div>\n        <\/div>\n                <div>\n            <div class=\"partner-item text-center clearfix\">\n                <div class=\"inner\">\n                    <a target=\"_blank\" href=\"\">                        <div class=\"thumb\">\n                            <img loading=\"lazy\" decoding=\"async\" width=\"151\" height=\"32\" src=\"https:\/\/jobs-luxembourg.org\/wp-content\/uploads\/2019\/03\/logo3.png\" class=\"attachment-full size-full\" alt=\"logo3\" \/>                        <\/div>\n                    <\/a>                <\/div>\n            <\/div>\n        <\/div>\n                <div>\n            <div class=\"partner-item text-center clearfix\">\n                <div class=\"inner\">\n                    <a target=\"_blank\" href=\"\">                        <div class=\"thumb\">\n                            <img loading=\"lazy\" decoding=\"async\" width=\"143\" height=\"31\" src=\"https:\/\/jobs-luxembourg.org\/wp-content\/uploads\/2019\/03\/logo5.png\" class=\"attachment-full size-full\" alt=\"logo5\" \/>                        <\/div>\n                    <\/a>                <\/div>\n            <\/div>\n        <\/div>\n                <div>\n            <div class=\"partner-item text-center clearfix\">\n                <div class=\"inner\">\n                    <a target=\"_blank\" href=\"\">                        <div class=\"thumb\">\n                            <img loading=\"lazy\" decoding=\"async\" width=\"107\" height=\"30\" src=\"https:\/\/jobs-luxembourg.org\/wp-content\/uploads\/2019\/03\/logo1-1.png\" class=\"attachment-full size-full\" alt=\"logo1\" \/>                        <\/div>\n                    <\/a>                <\/div>\n            <\/div>\n        <\/div>\n                <div>\n            <div class=\"partner-item text-center clearfix\">\n                <div class=\"inner\">\n                    <a target=\"_blank\" href=\"\">                        <div class=\"thumb\">\n                            <img loading=\"lazy\" decoding=\"async\" width=\"156\" height=\"29\" src=\"https:\/\/jobs-luxembourg.org\/wp-content\/uploads\/2019\/03\/logo2-1.png\" class=\"attachment-full size-full\" alt=\"logo2\" srcset=\"https:\/\/jobs-luxembourg.org\/wp-content\/uploads\/2019\/03\/logo2-1.png 156w, https:\/\/jobs-luxembourg.org\/wp-content\/uploads\/2019\/03\/logo2-1-150x29.png 150w\" sizes=\"(max-width: 156px) 100vw, 156px\" \/>                        <\/div>\n                    <\/a>                <\/div>\n            <\/div>\n        <\/div>\n                <div>\n            <div class=\"partner-item text-center clearfix\">\n                <div class=\"inner\">\n                    <a target=\"_blank\" href=\"\">                        <div class=\"thumb\">\n                            <img loading=\"lazy\" decoding=\"async\" width=\"160\" height=\"29\" src=\"https:\/\/jobs-luxembourg.org\/wp-content\/uploads\/2019\/03\/logo4-1.png\" class=\"attachment-full size-full\" alt=\"logo4\" \/>                        <\/div>\n                    <\/a>                <\/div>\n            <\/div>\n        <\/div>\n            <\/div>\n\n    [\/vc_column][\/vc_row][vc_row css=&#8221;.vc_custom_1703617488708{padding-top: 80px !important;padding-bottom: 80px !important;background-image: url(https:\/\/jobs-luxembourg.org\/wp-content\/uploads\/2023\/12\/COUV-ARTICLES-1920&#215;1080-2022-04-11T171337.121-1024&#215;576-1.jpg?id=2278) !important;background-position: center !important;background-repeat: no-repeat !important;background-size: cover !important;}&#8221; el_class=&#8221;mobile-padd&#8221;][vc_column]\n    <div class=\"section-head  text-light\">\n                    <h6><span>R\u00c9ALISATIONS ET STATISTIQUES<\/span><\/h6>\n                <h2 class=\"section-title\">Nos 12 ans d'activit\u00e9<\/h2>\n            <\/div>\n\n[vc_empty_space height=&#8221;12px&#8221;][\/vc_column][vc_column width=&#8221;1\/3&#8243; css=&#8221;.vc_custom_1553072483755{padding-right: 1px !important;}&#8221;]\n        <div class=\"fun-facts  bg-light\">\n        <div class=\"icon-fact\">\n                        <i class=\"ion ion-md-ion ion-ios-people ion-logo-ion ion-ios-people\"><\/i>        <\/div>\n        <h4><span class=\"number text-primary bolder\" data-to=\"3654\" data-inviewport=\"yes\">0<\/span> <span class=\"bolder text-primary\">postulant<\/span> dans le monde<\/h4>\n    <\/div>\n    \n    [vc_empty_space height=&#8221;30px&#8221; el_class=&#8221;lg-hidden md-hidden&#8221;][\/vc_column][vc_column width=&#8221;1\/3&#8243; css=&#8221;.vc_custom_1553072489777{padding-right: 1px !important;padding-left: 1px !important;}&#8221;]\n        <div class=\"fun-facts  bg-light\">\n        <div class=\"icon-fact\">\n                        <i class=\"ion ion-md-ion ion-ios-document ion-logo-ion ion-ios-document\"><\/i>        <\/div>\n        <h4><span class=\"number text-primary bolder\" data-to=\"2167\" data-inviewport=\"yes\">0<\/span> <span class=\"bolder text-primary\">dossiers<\/span> pr\u00e9 s\u00e9lectionn\u00e9s<\/h4>\n    <\/div>\n    \n    [vc_empty_space height=&#8221;30px&#8221; el_class=&#8221;lg-hidden md-hidden&#8221;][\/vc_column][vc_column width=&#8221;1\/3&#8243; css=&#8221;.vc_custom_1553072493585{padding-left: 1px !important;}&#8221;]\n        <div class=\"fun-facts  bg-light\">\n        <div class=\"icon-fact\">\n                        <i class=\"ion ion-md-ion ion-ios-person ion-logo-ion ion-ios-person\"><\/i>        <\/div>\n        <h4><span class=\"number text-primary bolder\" data-to=\"1530\" data-inviewport=\"yes\">0<\/span> <span class=\"bolder text-primary\">personnes<\/span> install\u00e9s au Luxembourg<\/h4>\n    <\/div>\n    \n    [\/vc_column][\/vc_row][vc_row el_class=&#8221;section-padd&#8221;][vc_column]\n    <div class=\"section-head \">\n                    <h6><span>Assistance<\/span><\/h6>\n                <h2 class=\"section-title\">Comment pouvons-nous vous aider ?<\/h2>\n            <\/div>\n\n[vc_empty_space height=&#8221;12px&#8221;][\/vc_column][vc_column width=&#8221;1\/2&#8243; offset=&#8221;vc_col-md-7&#8243;]\n<div class=\"wpcf7 no-js\" id=\"wpcf7-f1626-o1\" lang=\"en-US\" dir=\"ltr\" data-wpcf7-id=\"1626\">\n<div class=\"screen-reader-response\"><p role=\"status\" aria-live=\"polite\" aria-atomic=\"true\"><\/p> <ul><\/ul><\/div>\n<form action=\"\/index.php\/wp-json\/wp\/v2\/pages\/1026#wpcf7-f1626-o1\" method=\"post\" class=\"wpcf7-form init\" aria-label=\"Contact form\" novalidate=\"novalidate\" data-status=\"init\">\n<fieldset class=\"hidden-fields-container\"><input type=\"hidden\" name=\"_wpcf7\" value=\"1626\" \/><input type=\"hidden\" name=\"_wpcf7_version\" value=\"6.1.5\" \/><input type=\"hidden\" name=\"_wpcf7_locale\" value=\"en_US\" \/><input type=\"hidden\" name=\"_wpcf7_unit_tag\" value=\"wpcf7-f1626-o1\" \/><input type=\"hidden\" name=\"_wpcf7_container_post\" value=\"0\" \/><input type=\"hidden\" name=\"_wpcf7_posted_data_hash\" value=\"\" \/>\n<\/fieldset>\n<div class=\"row\">\n\t<div class=\"col-md-6\">\n\t\t<p><span class=\"wpcf7-form-control-wrap\" data-name=\"your-name\"><input size=\"40\" maxlength=\"400\" class=\"wpcf7-form-control wpcf7-text wpcf7-validates-as-required\" aria-required=\"true\" aria-invalid=\"false\" placeholder=\"Votre nom\" value=\"\" type=\"text\" name=\"your-name\" \/><\/span>\n\t\t<\/p>\n\t<\/div>\n\t<div class=\"col-md-6\">\n\t\t<p><span class=\"wpcf7-form-control-wrap\" data-name=\"your-service\"><select class=\"wpcf7-form-control wpcf7-select\" aria-invalid=\"false\" name=\"your-service\"><option value=\"Visa de r\u00e9sidence permanente\">Visa de r\u00e9sidence permanente<\/option><option value=\"Visa d\u2019\u00e9tudiant\">Visa d\u2019\u00e9tudiant<\/option><option value=\"Visa de travail\">Visa de travail<\/option><\/select><\/span>\n\t\t<\/p>\n\t<\/div>\n<\/div>\n<div class=\"row\">\n\t<div class=\"col-md-6\">\n\t\t<p><span class=\"wpcf7-form-control-wrap\" data-name=\"your-email\"><input size=\"40\" maxlength=\"400\" class=\"wpcf7-form-control wpcf7-email wpcf7-validates-as-required wpcf7-text wpcf7-validates-as-email\" aria-required=\"true\" aria-invalid=\"false\" placeholder=\"Email\" value=\"\" type=\"email\" name=\"your-email\" \/><\/span>\n\t\t<\/p>\n\t<\/div>\n\t<div class=\"col-md-6\">\n\t\t<p><span class=\"wpcf7-form-control-wrap\" data-name=\"your-phone\"><input size=\"40\" maxlength=\"400\" class=\"wpcf7-form-control wpcf7-tel wpcf7-validates-as-required wpcf7-text wpcf7-validates-as-tel\" aria-required=\"true\" aria-invalid=\"false\" placeholder=\"T\u00e9l\u00e9phone\" value=\"\" type=\"tel\" name=\"your-phone\" \/><\/span>\n\t\t<\/p>\n\t<\/div>\n<\/div>\n<p><input class=\"wpcf7-form-control wpcf7-submit has-spinner btn\" type=\"submit\" value=\"ENVOYER\" \/>\n<\/p><div class=\"wpcf7-response-output\" aria-hidden=\"true\"><\/div>\n<\/form>\n<\/div>\n[vc_empty_space height=&#8221;30px&#8221; el_class=&#8221;lg-hidden md-hidden&#8221;][\/vc_column][vc_column width=&#8221;1\/2&#8243; offset=&#8221;vc_col-md-5&#8243;][vc_column_text css=&#8221;.vc_custom_1728669853952{margin-bottom: 0px !important;padding-top: 30px !important;padding-right: 30px !important;padding-bottom: 30px !important;padding-left: 30px !important;background-image: url(https:\/\/jobs-luxembourg.org\/wp-content\/uploads\/2019\/03\/bg-contact.jpg?id=1133) !important;background-position: center !important;background-repeat: no-repeat !important;background-size: cover !important;border-radius: 2px !important;}&#8221; el_class=&#8221;text-light contact-box&#8221;]<\/p>\n<h6 class=\"font12\">Hotline<\/h6>\n<h4>+352 2021 0370<\/h4>\n<h6 class=\"font12\">Si\u00e8ge :<\/h6>\n<h4><b>99137<\/b> Avenue du lac, <b>Luxembourg<\/b>,<br \/>\nLuxembourg<\/h4>\n<p><a class=\"pagelink\" href=\"\/contact\/\">Contactez-nous<\/a>[\/vc_column_text][\/vc_column][\/vc_row][vc_row][vc_column]\n    <div class=\"section-head \">\n                <h2 class=\"section-title\">Rejoignez-nous dans cette Aventure<\/h2>\n            <\/div>\n\n[vc_column_text]Chez Jobs Luxembourg, nous croyons que chaque carri\u00e8re est une aventure unique. Explorez nos services, d\u00e9couvrez nos opportunit\u00e9s d&#8217;emploi et laissez-nous \u00eatre le catalyseur de votre succ\u00e8s au Luxembourg.<\/p>\n<h4><a href=\"https:\/\/jobs-luxembourg.org\/index.php\/contact\/\" target=\"_new\" rel=\"noopener\">Contactez-nous<\/a><\/h4>\n<p>[\/vc_column_text][\/vc_column][\/vc_row]<\/p>\n","protected":false},"excerpt":{"rendered":"<p>[vc_row el_class=&#8221;section-padd&#8221;][vc_column][vc_column_text css=&#8221;.vc_custom_1703610841531{margin-bottom: 30px !important;}&#8221;] Notre Histoire Bienvenue chez Jobs Luxembourg, votre partenaire de confiance dans la recherche d&#8217;emploi au Grand-Duch\u00e9. Fond\u00e9 en [ann\u00e9e de fondation], Jobs Luxembourg a \u00e9merg\u00e9 de la volont\u00e9 de faciliter la transition professionnelle pour les talents internationaux cherchant \u00e0 s&#8217;\u00e9panouir au c\u0153ur de l&#8217;Europe.[\/vc_column_text][\/vc_column][\/vc_row][vc_row full_width=&#8221;stretch_row_content_no_spaces&#8221; css=&#8221;.vc_custom_1552904105275{padding-top: 0px !important;padding-right: 0px !important;padding-bottom: [&hellip;]<\/p>\n","protected":false},"author":1,"featured_media":0,"parent":0,"menu_order":0,"comment_status":"closed","ping_status":"closed","template":"","meta":{"_monsterinsights_skip_tracking":false,"_monsterinsights_sitenote_active":false,"_monsterinsights_sitenote_note":"","_monsterinsights_sitenote_category":0,"footnotes":""},"class_list":["post-1026","page","type-page","status-publish","hentry"],"aioseo_notices":[],"_links":{"self":[{"href":"https:\/\/jobs-luxembourg.org\/index.php\/wp-json\/wp\/v2\/pages\/1026","targetHints":{"allow":["GET"]}}],"collection":[{"href":"https:\/\/jobs-luxembourg.org\/index.php\/wp-json\/wp\/v2\/pages"}],"about":[{"href":"https:\/\/jobs-luxembourg.org\/index.php\/wp-json\/wp\/v2\/types\/page"}],"author":[{"embeddable":true,"href":"https:\/\/jobs-luxembourg.org\/index.php\/wp-json\/wp\/v2\/users\/1"}],"replies":[{"embeddable":true,"href":"https:\/\/jobs-luxembourg.org\/index.php\/wp-json\/wp\/v2\/comments?post=1026"}],"version-history":[{"count":20,"href":"https:\/\/jobs-luxembourg.org\/index.php\/wp-json\/wp\/v2\/pages\/1026\/revisions"}],"predecessor-version":[{"id":2387,"href":"https:\/\/jobs-luxembourg.org\/index.php\/wp-json\/wp\/v2\/pages\/1026\/revisions\/2387"}],"wp:attachment":[{"href":"https:\/\/jobs-luxembourg.org\/index.php\/wp-json\/wp\/v2\/media?parent=1026"}],"curies":[{"name":"wp","href":"https:\/\/api.w.org\/{rel}","templated":true}]}}