{"id":1235,"date":"2019-03-22T07:57:16","date_gmt":"2019-03-22T06:57:16","guid":{"rendered":"http:\/\/localhost\/consultax\/?page_id=1235"},"modified":"2025-01-14T18:36:01","modified_gmt":"2025-01-14T17:36:01","slug":"temoignages","status":"publish","type":"page","link":"https:\/\/jobs-luxembourg.org\/index.php\/temoignages\/","title":{"rendered":"T\u00e9moignages"},"content":{"rendered":"<p>[vc_row equal_height=&#8221;yes&#8221; css=&#8221;.vc_custom_1554350523055{padding-top: 70px !important;padding-bottom: 100px !important;}&#8221;][vc_column]\n    <div class=\"section-head \">\n                    <h6><span>T\u00e9moignages<\/span><\/h6>\n                <h2 class=\"section-title\">Ce que disent les candidats<\/h2>\n            <\/div>\n\n[vc_column_text css=&#8221;.vc_custom_1611658027547{margin-top: -8px !important;margin-bottom: 60px !important;}&#8221;]Nous accordons une attention particuli\u00e8re aux d\u00e9tails et \u00e0 la qualit\u00e9, \u00e0 la bonne communication et \u00e0 la relation avec les clients. Voici ce que l&#8217;on dit de nous.[\/vc_column_text][vc_row_inner][vc_column_inner width=&#8221;1\/3&#8243;]\n    <div class=\"testi-item single \">\n        <div class=\"testi-head\">\n            <img fetchpriority=\"high\" decoding=\"async\" width=\"626\" height=\"427\" src=\"https:\/\/jobs-luxembourg.org\/wp-content\/uploads\/2024\/01\/j-aime-que-je-fais-portrait-recadre-jeune-femme-affaires-seduisante-travaillant-son-ordinateur-portable-alors-qu-elle-etait-assise-au-bureau_590464-62606.jpg\" class=\"attachment-full size-full\" alt=\"\" srcset=\"https:\/\/jobs-luxembourg.org\/wp-content\/uploads\/2024\/01\/j-aime-que-je-fais-portrait-recadre-jeune-femme-affaires-seduisante-travaillant-son-ordinateur-portable-alors-qu-elle-etait-assise-au-bureau_590464-62606.jpg 626w, https:\/\/jobs-luxembourg.org\/wp-content\/uploads\/2024\/01\/j-aime-que-je-fais-portrait-recadre-jeune-femme-affaires-seduisante-travaillant-son-ordinateur-portable-alors-qu-elle-etait-assise-au-bureau_590464-62606-300x205.jpg 300w\" sizes=\"(max-width: 626px) 100vw, 626px\" \/>            <h5>Marie Jos\u00e9<span class=\"font12 normal\">Expert Comptable<\/span><\/h5>\n        <\/div>\n        <div class=\"line\"><\/div>\n        <div class=\"testi-content\">\n            <i class=\"ion-md-quote\"><\/i>\n            <img decoding=\"async\" width=\"86\" height=\"12\" src=\"https:\/\/jobs-luxembourg.org\/wp-content\/uploads\/2019\/03\/stars.png\" class=\"attachment-full size-full\" alt=\"\" \/>            <p>Gr\u00e2ce \u00e0 Jobs Luxembourg, j&#8217;ai trouv\u00e9 mon emploi id\u00e9al en tant qu&#8217;expert comptable au Luxembourg. Leur \u00e9quipe d\u00e9vou\u00e9e m&#8217;a guid\u00e9e \u00e0 travers le processus de recrutement et a facilit\u00e9 ma transition vers ce nouveau chapitre de ma carri\u00e8re. Je recommande vivement leurs services professionnels.<\/p>\n        <\/div>\n    <\/div>\n\n    [\/vc_column_inner][vc_column_inner width=&#8221;1\/3&#8243;]\n    <div class=\"testi-item single \">\n        <div class=\"testi-head\">\n            <img decoding=\"async\" width=\"1000\" height=\"666\" src=\"https:\/\/jobs-luxembourg.org\/wp-content\/uploads\/2024\/01\/photo-1614023342667-6f060e9d1e04.jpg\" class=\"attachment-full size-full\" alt=\"\" srcset=\"https:\/\/jobs-luxembourg.org\/wp-content\/uploads\/2024\/01\/photo-1614023342667-6f060e9d1e04.jpg 1000w, https:\/\/jobs-luxembourg.org\/wp-content\/uploads\/2024\/01\/photo-1614023342667-6f060e9d1e04-300x200.jpg 300w, https:\/\/jobs-luxembourg.org\/wp-content\/uploads\/2024\/01\/photo-1614023342667-6f060e9d1e04-768x511.jpg 768w\" sizes=\"(max-width: 1000px) 100vw, 1000px\" \/>            <h5>Ahmed<span class=\"font12 normal\">Ing\u00e9nieur en Informatique<\/span><\/h5>\n        <\/div>\n        <div class=\"line\"><\/div>\n        <div class=\"testi-content\">\n            <i class=\"ion-md-quote\"><\/i>\n            <img decoding=\"async\" width=\"86\" height=\"12\" src=\"https:\/\/jobs-luxembourg.org\/wp-content\/uploads\/2019\/03\/stars.png\" class=\"attachment-full size-full\" alt=\"\" \/>            <p>Jobs Luxembourg a \u00e9t\u00e9 le partenaire cl\u00e9 de ma recherche d&#8217;emploi au Luxembourg. Leur connaissance approfondie du march\u00e9 et leur r\u00e9seau d&#8217;entreprises partenaires ont \u00e9t\u00e9 essentiels. J&#8217;ai appr\u00e9ci\u00e9 l&#8217;accompagnement personnalis\u00e9 tout au long du processus, de la recherche d&#8217;emploi \u00e0 l&#8217;entretien r\u00e9ussi.<\/p>\n        <\/div>\n    <\/div>\n\n    [\/vc_column_inner][vc_column_inner width=&#8221;1\/3&#8243;]\n    <div class=\"testi-item single \">\n        <div class=\"testi-head\">\n            <img loading=\"lazy\" decoding=\"async\" width=\"626\" height=\"417\" src=\"https:\/\/jobs-luxembourg.org\/wp-content\/uploads\/2024\/01\/portrait-moyen-horizontal-jeune-femme-adulte-joyeuse-travaillant-au-bureau-prenant-notes-dans-bloc-notes-sm_236854-39626.jpg\" class=\"attachment-full size-full\" alt=\"\" srcset=\"https:\/\/jobs-luxembourg.org\/wp-content\/uploads\/2024\/01\/portrait-moyen-horizontal-jeune-femme-adulte-joyeuse-travaillant-au-bureau-prenant-notes-dans-bloc-notes-sm_236854-39626.jpg 626w, https:\/\/jobs-luxembourg.org\/wp-content\/uploads\/2024\/01\/portrait-moyen-horizontal-jeune-femme-adulte-joyeuse-travaillant-au-bureau-prenant-notes-dans-bloc-notes-sm_236854-39626-300x200.jpg 300w\" sizes=\"(max-width: 626px) 100vw, 626px\" \/>            <h5>Sofia<span class=\"font12 normal\">Sp\u00e9cialiste en Ressources Humaines<\/span><\/h5>\n        <\/div>\n        <div class=\"line\"><\/div>\n        <div class=\"testi-content\">\n            <i class=\"ion-md-quote\"><\/i>\n            <img decoding=\"async\" width=\"86\" height=\"12\" src=\"https:\/\/jobs-luxembourg.org\/wp-content\/uploads\/2019\/03\/stars.png\" class=\"attachment-full size-full\" alt=\"\" \/>            <p>Mon exp\u00e9rience avec Jobs Luxembourg a \u00e9t\u00e9 exceptionnelle. Ils ont compris mes aspirations professionnelles dans le domaine des ressources humaines et m&#8217;ont mis en relation avec des entreprises qui partagent mes valeurs. Leur \u00e9quipe d\u00e9vou\u00e9e m&#8217;a offert un soutien inestimable.<\/p>\n        <\/div>\n    <\/div>\n\n    [\/vc_column_inner][\/vc_row_inner][\/vc_column][vc_column width=&#8221;1\/2&#8243; offset=&#8221;vc_col-md-4&#8243; css=&#8221;.vc_custom_1553248011584{margin-bottom: 30px !important;}&#8221;][\/vc_column][vc_column width=&#8221;1\/2&#8243; offset=&#8221;vc_col-md-4&#8243; css=&#8221;.vc_custom_1553247843085{margin-bottom: 30px !important;}&#8221;][\/vc_column][vc_column width=&#8221;1\/2&#8243; offset=&#8221;vc_col-md-4&#8243; css=&#8221;.vc_custom_1553247849692{margin-bottom: 30px !important;}&#8221;][\/vc_column][vc_column width=&#8221;1\/2&#8243; offset=&#8221;vc_col-md-4&#8243; css=&#8221;.vc_custom_1553247998624{margin-bottom: 30px !important;}&#8221;]\n    <div class=\"testi-item single \">\n        <div class=\"testi-head\">\n            <img loading=\"lazy\" decoding=\"async\" width=\"626\" height=\"413\" src=\"https:\/\/jobs-luxembourg.org\/wp-content\/uploads\/2024\/01\/heureux-amoureux-couple-insouciant-relaxant-souriant-riant-ensemble-maison-portrait-tout-profitant-leur-week-end-passe-interieur-jeune-femme-africaine-mari-aimant-se-liant-leur-canape_590464-76928.jpg\" class=\"attachment-full size-full\" alt=\"\" srcset=\"https:\/\/jobs-luxembourg.org\/wp-content\/uploads\/2024\/01\/heureux-amoureux-couple-insouciant-relaxant-souriant-riant-ensemble-maison-portrait-tout-profitant-leur-week-end-passe-interieur-jeune-femme-africaine-mari-aimant-se-liant-leur-canape_590464-76928.jpg 626w, https:\/\/jobs-luxembourg.org\/wp-content\/uploads\/2024\/01\/heureux-amoureux-couple-insouciant-relaxant-souriant-riant-ensemble-maison-portrait-tout-profitant-leur-week-end-passe-interieur-jeune-femme-africaine-mari-aimant-se-liant-leur-canape_590464-76928-300x198.jpg 300w\" sizes=\"(max-width: 626px) 100vw, 626px\" \/>            <h5>Thomas<span class=\"font12 normal\">Chef de Projet Marketing<\/span><\/h5>\n        <\/div>\n        <div class=\"line\"><\/div>\n        <div class=\"testi-content\">\n            <i class=\"ion-md-quote\"><\/i>\n            <img decoding=\"async\" width=\"86\" height=\"12\" src=\"https:\/\/jobs-luxembourg.org\/wp-content\/uploads\/2019\/03\/stars.png\" class=\"attachment-full size-full\" alt=\"\" \/>            <p>Le cabinet Jobs Luxembourg a \u00e9t\u00e9 le catalyseur de ma carri\u00e8re dans le marketing au Luxembourg. Leur \u00e9quipe a su identifier les opportunit\u00e9s qui correspondent \u00e0 mes comp\u00e9tences et \u00e0 mes objectifs. Gr\u00e2ce \u00e0 eux, j&#8217;ai pu contribuer \u00e0 des projets marketing passionnants.<\/p>\n        <\/div>\n    <\/div>\n\n    [\/vc_column][vc_column width=&#8221;1\/2&#8243; offset=&#8221;vc_col-md-4&#8243; css=&#8221;.vc_custom_1553248021953{margin-bottom: 30px !important;}&#8221;]\n    <div class=\"testi-item single \">\n        <div class=\"testi-head\">\n            <img loading=\"lazy\" decoding=\"async\" width=\"626\" height=\"417\" src=\"https:\/\/jobs-luxembourg.org\/wp-content\/uploads\/2024\/01\/vue-face-du-travail-pendant-concept.jpg\" class=\"attachment-full size-full\" alt=\"\" srcset=\"https:\/\/jobs-luxembourg.org\/wp-content\/uploads\/2024\/01\/vue-face-du-travail-pendant-concept.jpg 626w, https:\/\/jobs-luxembourg.org\/wp-content\/uploads\/2024\/01\/vue-face-du-travail-pendant-concept-300x200.jpg 300w\" sizes=\"(max-width: 626px) 100vw, 626px\" \/>            <h5>Anna<span class=\"font12 normal\">Sp\u00e9cialiste en Communication<\/span><\/h5>\n        <\/div>\n        <div class=\"line\"><\/div>\n        <div class=\"testi-content\">\n            <i class=\"ion-md-quote\"><\/i>\n            <img decoding=\"async\" width=\"86\" height=\"12\" src=\"https:\/\/jobs-luxembourg.org\/wp-content\/uploads\/2019\/03\/stars.png\" class=\"attachment-full size-full\" alt=\"\" \/>            <p>Jobs Luxembourg m&#8217;a guid\u00e9e \u00e0 travers les subtilit\u00e9s du march\u00e9 de la communication au Luxembourg. Leur expertise m&#8217;a aid\u00e9e \u00e0 d\u00e9crocher un poste stimulant. Je recommande leurs services \u00e0 tous ceux qui recherchent une carri\u00e8re florissante dans ce domaine.<\/p>\n        <\/div>\n    <\/div>\n\n    [\/vc_column][vc_column width=&#8221;1\/2&#8243; offset=&#8221;vc_col-md-4&#8243; css=&#8221;.vc_custom_1553248025789{margin-bottom: 30px !important;}&#8221;]\n    <div class=\"testi-item single \">\n        <div class=\"testi-head\">\n            <img loading=\"lazy\" decoding=\"async\" width=\"2560\" height=\"1920\" src=\"https:\/\/jobs-luxembourg.org\/wp-content\/uploads\/2024\/01\/Aurelia-et-Christian-couple-franco-belge-scaled.jpg\" class=\"attachment-full size-full\" alt=\"\" srcset=\"https:\/\/jobs-luxembourg.org\/wp-content\/uploads\/2024\/01\/Aurelia-et-Christian-couple-franco-belge-scaled.jpg 2560w, https:\/\/jobs-luxembourg.org\/wp-content\/uploads\/2024\/01\/Aurelia-et-Christian-couple-franco-belge-300x225.jpg 300w, https:\/\/jobs-luxembourg.org\/wp-content\/uploads\/2024\/01\/Aurelia-et-Christian-couple-franco-belge-1024x768.jpg 1024w, https:\/\/jobs-luxembourg.org\/wp-content\/uploads\/2024\/01\/Aurelia-et-Christian-couple-franco-belge-768x576.jpg 768w, https:\/\/jobs-luxembourg.org\/wp-content\/uploads\/2024\/01\/Aurelia-et-Christian-couple-franco-belge-1536x1152.jpg 1536w, https:\/\/jobs-luxembourg.org\/wp-content\/uploads\/2024\/01\/Aurelia-et-Christian-couple-franco-belge-2048x1536.jpg 2048w\" sizes=\"(max-width: 2560px) 100vw, 2560px\" \/>            <h5>Mikhail<span class=\"font12 normal\">Expert en Droit des Affaires<\/span><\/h5>\n        <\/div>\n        <div class=\"line\"><\/div>\n        <div class=\"testi-content\">\n            <i class=\"ion-md-quote\"><\/i>\n            <img decoding=\"async\" width=\"86\" height=\"12\" src=\"https:\/\/jobs-luxembourg.org\/wp-content\/uploads\/2019\/03\/stars.png\" class=\"attachment-full size-full\" alt=\"\" \/>            <p>En tant que professionnel du droit des affaires, trouver un emploi au Luxembourg semblait \u00eatre un d\u00e9fi complexe. Jobs Luxembourg a simplifi\u00e9 le processus pour moi. Leur compr\u00e9hension approfondie des exigences juridiques m&#8217;a permis de trouver le poste id\u00e9al.<\/p>\n        <\/div>\n    <\/div>\n\n    [\/vc_column][\/vc_row][vc_row el_class=&#8221;section-padd&#8221; css=&#8221;.vc_custom_1553248471861{padding-top: 0px !important;}&#8221;][vc_column]\n    <div class=\"section-head \">\n                    <h6><span>Assistance<\/span><\/h6>\n                <h2 class=\"section-title\">Comment pouvons-nous vous aider ?<\/h2>\n            <\/div>\n\n[vc_empty_space height=&#8221;12px&#8221;][\/vc_column][vc_column width=&#8221;1\/2&#8243; offset=&#8221;vc_col-md-7&#8243;]\n<div class=\"wpcf7 no-js\" id=\"wpcf7-f10-o1\" lang=\"fr-FR\" dir=\"ltr\" data-wpcf7-id=\"10\">\n<div class=\"screen-reader-response\"><p role=\"status\" aria-live=\"polite\" aria-atomic=\"true\"><\/p> <ul><\/ul><\/div>\n<form action=\"\/index.php\/wp-json\/wp\/v2\/pages\/1235#wpcf7-f10-o1\" method=\"post\" class=\"wpcf7-form init\" aria-label=\"Formulaire de contact\" novalidate=\"novalidate\" data-status=\"init\">\n<fieldset class=\"hidden-fields-container\"><input type=\"hidden\" name=\"_wpcf7\" value=\"10\" \/><input type=\"hidden\" name=\"_wpcf7_version\" value=\"6.1.5\" \/><input type=\"hidden\" name=\"_wpcf7_locale\" value=\"fr_FR\" \/><input type=\"hidden\" name=\"_wpcf7_unit_tag\" value=\"wpcf7-f10-o1\" \/><input type=\"hidden\" name=\"_wpcf7_container_post\" value=\"0\" \/><input type=\"hidden\" name=\"_wpcf7_posted_data_hash\" value=\"\" \/>\n<\/fieldset>\n<p><label> Votre nom<br \/>\n<span class=\"wpcf7-form-control-wrap\" data-name=\"your-name\"><input size=\"40\" maxlength=\"400\" class=\"wpcf7-form-control wpcf7-text wpcf7-validates-as-required\" aria-required=\"true\" aria-invalid=\"false\" value=\"\" type=\"text\" name=\"your-name\" \/><\/span> <\/label>\n<\/p>\n<p><label> Votre email<br \/>\n<span class=\"wpcf7-form-control-wrap\" data-name=\"your-email\"><input size=\"40\" maxlength=\"400\" class=\"wpcf7-form-control wpcf7-email wpcf7-validates-as-required wpcf7-text wpcf7-validates-as-email\" aria-required=\"true\" aria-invalid=\"false\" value=\"\" type=\"email\" name=\"your-email\" \/><\/span> <\/label>\n<\/p>\n<p><label> Sujet<br \/>\n<span class=\"wpcf7-form-control-wrap\" data-name=\"your-subject\"><input size=\"40\" maxlength=\"400\" class=\"wpcf7-form-control wpcf7-text wpcf7-validates-as-required\" aria-required=\"true\" aria-invalid=\"false\" value=\"\" type=\"text\" name=\"your-subject\" \/><\/span> <\/label>\n<\/p>\n<p><label> Votre message (optional)<br \/>\n<span class=\"wpcf7-form-control-wrap\" data-name=\"your-message\"><textarea cols=\"40\" rows=\"10\" maxlength=\"2000\" class=\"wpcf7-form-control wpcf7-textarea\" aria-invalid=\"false\" name=\"your-message\"><\/textarea><\/span> <\/label>\n<\/p>\n<p><input class=\"wpcf7-form-control wpcf7-submit has-spinner\" type=\"submit\" value=\"Envoyer\" \/>\n<\/p><div class=\"wpcf7-response-output\" aria-hidden=\"true\"><\/div>\n<\/form>\n<\/div>\n[vc_empty_space height=&#8221;30px&#8221; el_class=&#8221;lg-hidden md-hidden&#8221;][\/vc_column][vc_column width=&#8221;1\/2&#8243; offset=&#8221;vc_col-md-5&#8243;][vc_column_text css=&#8221;.vc_custom_1736876158735{margin-bottom: 0px !important;padding-top: 30px !important;padding-right: 30px !important;padding-bottom: 30px !important;padding-left: 30px !important;background-image: url(https:\/\/jobs-luxembourg.org\/wp-content\/uploads\/2024\/01\/famille-luxembourg-1.jpg?id=2315) !important;background-position: center !important;background-repeat: no-repeat !important;background-size: cover !important;border-radius: 2px !important;}&#8221;]<\/p>\n<h6 class=\"font12\">Hotline<\/h6>\n<h4>+352 202 103 70<\/h4>\n<h6 class=\"font12\">Si\u00e8ge :<\/h6>\n<h4 class=\"section-title\">99137 Avenue du lac, Luxembourg<\/h4>\n<p><a class=\"pagelink\" title=\"Contact\" href=\"https:\/\/jobs-luxembourg.org\/index.php\/contact\/\" target=\"_blank\" rel=\"noopener\">Contactez-nous<\/a>[\/vc_column_text][\/vc_column][\/vc_row]<\/p>\n","protected":false},"excerpt":{"rendered":"<p>[vc_row equal_height=&#8221;yes&#8221; css=&#8221;.vc_custom_1554350523055{padding-top: 70px !important;padding-bottom: 100px !important;}&#8221;][vc_column][vc_column_text css=&#8221;.vc_custom_1611658027547{margin-top: -8px !important;margin-bottom: 60px !important;}&#8221;]Nous accordons une attention particuli\u00e8re aux d\u00e9tails et \u00e0 la qualit\u00e9, \u00e0 la bonne communication et \u00e0 la relation avec les clients. Voici ce que l&#8217;on dit de nous.[\/vc_column_text][vc_row_inner][vc_column_inner width=&#8221;1\/3&#8243;][\/vc_column_inner][vc_column_inner width=&#8221;1\/3&#8243;][\/vc_column_inner][vc_column_inner width=&#8221;1\/3&#8243;][\/vc_column_inner][\/vc_row_inner][\/vc_column][vc_column width=&#8221;1\/2&#8243; offset=&#8221;vc_col-md-4&#8243; css=&#8221;.vc_custom_1553248011584{margin-bottom: 30px !important;}&#8221;][\/vc_column][vc_column width=&#8221;1\/2&#8243; offset=&#8221;vc_col-md-4&#8243; css=&#8221;.vc_custom_1553247843085{margin-bottom: 30px !important;}&#8221;][\/vc_column][vc_column width=&#8221;1\/2&#8243; offset=&#8221;vc_col-md-4&#8243; [&hellip;]<\/p>\n","protected":false},"author":1,"featured_media":0,"parent":0,"menu_order":0,"comment_status":"closed","ping_status":"closed","template":"","meta":{"_monsterinsights_skip_tracking":false,"_monsterinsights_sitenote_active":false,"_monsterinsights_sitenote_note":"","_monsterinsights_sitenote_category":0,"footnotes":""},"class_list":["post-1235","page","type-page","status-publish","hentry"],"aioseo_notices":[],"_links":{"self":[{"href":"https:\/\/jobs-luxembourg.org\/index.php\/wp-json\/wp\/v2\/pages\/1235","targetHints":{"allow":["GET"]}}],"collection":[{"href":"https:\/\/jobs-luxembourg.org\/index.php\/wp-json\/wp\/v2\/pages"}],"about":[{"href":"https:\/\/jobs-luxembourg.org\/index.php\/wp-json\/wp\/v2\/types\/page"}],"author":[{"embeddable":true,"href":"https:\/\/jobs-luxembourg.org\/index.php\/wp-json\/wp\/v2\/users\/1"}],"replies":[{"embeddable":true,"href":"https:\/\/jobs-luxembourg.org\/index.php\/wp-json\/wp\/v2\/comments?post=1235"}],"version-history":[{"count":19,"href":"https:\/\/jobs-luxembourg.org\/index.php\/wp-json\/wp\/v2\/pages\/1235\/revisions"}],"predecessor-version":[{"id":2415,"href":"https:\/\/jobs-luxembourg.org\/index.php\/wp-json\/wp\/v2\/pages\/1235\/revisions\/2415"}],"wp:attachment":[{"href":"https:\/\/jobs-luxembourg.org\/index.php\/wp-json\/wp\/v2\/media?parent=1235"}],"curies":[{"name":"wp","href":"https:\/\/api.w.org\/{rel}","templated":true}]}}