{"id":1327,"date":"2019-03-25T10:07:12","date_gmt":"2019-03-25T09:07:12","guid":{"rendered":"http:\/\/localhost\/consultax\/?page_id=1327"},"modified":"2024-10-16T23:05:11","modified_gmt":"2024-10-16T21:05:11","slug":"procedures","status":"publish","type":"page","link":"https:\/\/jobs-luxembourg.org\/index.php\/procedures\/","title":{"rendered":"Proc\u00e9dures"},"content":{"rendered":"<p>[vc_row css=&#8221;.vc_custom_1611750935920{background-color: #ffffff !important;}&#8221;][vc_column][vc_empty_space]\n    <div class=\"section-head \">\n                <h2 class=\"section-title\">Proc\u00e9dure pour travailler au Luxembourg<\/h2>\n            <\/div>\n\n[vc_column_text]<\/p>\n<h4>TRAVAILLEURS \u00c9TRANGERS<br \/>\nVENIR TRAVAILLER AU LUXEMBOURG<\/h4>\n<p><em><strong>Le Luxembourg simplifie l&#8217;embauche de ressortissants \u00e9trangers.<\/strong><\/em><\/p>\n<p>Depuis le 1er septembre, le Luxembourg simplifie les d\u00e9marches pour les travailleurs qualifi\u00e9s mais non-originaires de l&#8217;UE.<\/p>\n<p>Conscient d&#8217;avoir atteint les limites de son march\u00e9 du travail, notamment pour la &#8220;main-d&#8217;\u0153uvre qualifi\u00e9e&#8221; le Luxembourg a d\u00e9cid\u00e9 d&#8217;ouvrir ses crit\u00e8res de recrutement.<\/p>\n<p>Une loi simplifiant l&#8217;embauche de travailleurs qualifi\u00e9s est entr\u00e9e en vigueur le vendredi 1er septembre. &#8220;Le secteur de l&#8217;informatique est particuli\u00e8rement touch\u00e9, mais d&#8217;autres secteurs tels que la sant\u00e9, l&#8217;ing\u00e9nierie, les m\u00e9tiers de la finance et du support \u00e0 l\u2019entreprise ainsi que certains m\u00e9tiers du b\u00e2timent souffrent \u00e9galement d&#8217;une p\u00e9nurie de main-d&#8217;\u0153uvre flagrante et risquent de perdre en comp\u00e9titivit\u00e9&#8221; justifie le gouvernement.<\/p>\n<p>L&#8217;acc\u00e8s au march\u00e9 du travail luxembourgeois est notamment simplifi\u00e9 pour les ressortissants de pays-tiers, c&#8217;est-\u00e0-dire hors-UE. &#8220;Les membres de famille des ressortissants de pays tiers d\u00e9tenteurs d\u2019un titre de s\u00e9jour luxembourgeois sur base d\u2019un regroupement familial seront autoris\u00e9s \u00e0 travailler au Luxembourg d\u00e8s leur arriv\u00e9e et auront donc librement acc\u00e8s au march\u00e9 de l\u2019emploi&#8221; expliquent les minist\u00e8res du Travail et des Affaires \u00e9trang\u00e8res, ainsi que l&#8217;Adem.<\/p>\n<p>L\u2019acc\u00e8s au march\u00e9 de l\u2019emploi est \u00e9galement &#8220;facilit\u00e9 pour les demandeurs de protection internationale, en cours de proc\u00e9dure depuis 6 mois, et les b\u00e9n\u00e9ficiaires d\u2019un report ou d\u2019un sursis \u00e0 l\u2019\u00e9loignement qui demandent une autorisation d\u2019occupation temporaire&#8221;.<\/p>\n<p>Jobs Luxembourg en accord avec L&#8217;ADEM vient de soutenir les &#8220;m\u00e9tiers tr\u00e8s en p\u00e9nurie&#8221;. Pour les m\u00e9tiers figurant sur cette liste, L&#8217;ADEM est dispens\u00e9e de son obligation d\u2019effectuer un test du march\u00e9 et de v\u00e9rifier si des demandeurs d\u2019emploi correspondant au profil recherch\u00e9 par l\u2019employeur sont disponibles. Pour les autres emplois, le test du march\u00e9 continuera d\u2019\u00eatre effectu\u00e9 par Jobs-Luxrmbourg mais avec des d\u00e9lais raccourcis .<\/p>\n<p>Tout ressortissant du monde peut b\u00e9neficier de ce projet assimil\u00e9 b\u00e9n\u00e9ficie de la libre circulation au sein de l&#8217;UE, ce qui lui donne le droit de r\u00e9sider et de travailler dans n&#8217;importe quel pays de l&#8217;UE. Avant de commencer \u00e0 exercer un emploi au Luxembourg, il y a quelques modalit\u00e9s pratiques \u00e0 respecter. Nous vous donnons un aper\u00e7u sur les d\u00e9marches et demandes \u00e0 faire!<\/p>\n<p><strong>Qui peut travailler au Luxembourg?<\/strong><br \/>\nL&#8217;acc\u00e8s au a ce projet est donne a tous citoyens du monde desireux travailler aux Luxembourg ou dans nos filiales dans la sous-regions en Europe .<\/p>\n<p><strong>Qui sont ceux qui peuvent Participer ?<\/strong><\/p>\n<p>Toute personne qui souhaite s&#8217;\u00e9tablir dans une commune luxembourgeoise (et exercer un travail au Grand-Duch\u00e9) doit ou dans l&#8217;une de nos Filiales dans la sous-R\u00e9gion.<\/p>\n<p><strong>Que faire d\u00e8s sont arriv\u00e9 ?<\/strong><\/p>\n<p>D\u00e8s son arriv\u00e9e, d\u00e9clarer sa pr\u00e9sence aupr\u00e8s du bureau de la population de l&#8217;administration communale du lieu de r\u00e9sidence choisi.<\/p>\n<p>Chaque personne qui souhaite venir travailler au Luxembourg, sans y r\u00e9sider, a n\u00e9anmoins besoin, en principe, d&#8217;une autorisation de travail avant de commencer son nouveau poste.<\/p>\n<p>Les ressortissants de pays tiers ( \u00c9tats hors du conseil de l&#8217;Europe ont besoin d&#8217;une autorisation de s\u00e9jour, puis d&#8217;un titre de s\u00e9jour.<\/p>\n<p><strong>Quickfact:<\/strong><br \/>\nAujourd&#8217;hui plus de 170 nationalit\u00e9s diff\u00e9rentes vivent et travaillent au Luxembourg. Environ 70% de la main d&#8217;oeuvre n&#8217;a pas la nationalit\u00e9 luxembourgeoise. Elle est compos\u00e9e de travailleurs immigr\u00e9s ou dit frontaliers &#8211; qui sont originaires de l&#8217;Allemagne, de la Belgique ou de la France.<\/p>\n<p><strong>Demande d&#8217;autorisation de travail \u2013 les modalit\u00e9s pratiques<\/strong><br \/>\nVotre demande d&#8217;autorisation de travail, pour les ressortissants d&#8217;un pays tiers, doit \u00eatre sollicit\u00e9 par notre biais de fa\u00e7on manuscrite aupr\u00e8s de la Direction g\u00e9n\u00e9rale de l&#8217;immigration du minist\u00e8re des Affaires int\u00e9rieures.<\/p>\n<p>Vous trouvez plus de d\u00e9tails sur le contenu et les documents \u00e0 joindre de la demande ici. Le d\u00e9lai de r\u00e9ponse du minist\u00e8re est en principe de 3 mois maximum. En cas de non-r\u00e9ponse, la demande peut \u00eatre consid\u00e9r\u00e9e comme rejet\u00e9e et vous devez enccore ressayer a nouveau .<\/p>\n<p>La dur\u00e9e de validit\u00e9 de l&#8217;autorisation de travail court \u00e0 partir de la date o\u00f9 la demande a \u00e9t\u00e9 accord\u00e9e. La premi\u00e8re autorisation est valable au maximum un an (sans d\u00e9passer la validit\u00e9 d&#8217;un titre de s\u00e9jour). L&#8217;autorisation peut \u00eatre renouvel\u00e9e sur demande, si les conditions d&#8217;obtention sont toujours remplies et que le b\u00e9n\u00e9ficiaire peut prouver qu&#8217;il a travaill\u00e9 pendant la dur\u00e9e de son autorisation de travail.<\/p>\n<p>\u00c0 partir du premier renouvellement, l&#8217;autorisation est valable pour une dur\u00e9e maximale de trois ans.<\/p>\n<p><strong>\u00c0 savoir!<\/strong><br \/>\nLa premi\u00e8re autorisation de travail donne acc\u00e8s \u00e0 une seule profession aupr\u00e8s de tout employeur dans un seul secteur.<\/p>\n<p>L&#8217;autorisation de travail renouvel\u00e9e donne acc\u00e8s \u00e0 tout secteur et \u00e0 toute profession.<\/p>\n<p><strong><span style=\"color: #ff6600;\">La proc\u00e9dure \u00e0 suivre est expliqu\u00e9 en d\u00e9tail ici.<\/span><\/strong><\/p>\n<p><strong>S\u00e9curit\u00e9 sociale :<\/strong><br \/>\nTous les citoyens de l&#8217;UE b\u00e9n\u00e9ficient des m\u00eames prestations de s\u00e9curit\u00e9 sociale li\u00e9es \u00e0 un contrat de travail que celles accord\u00e9es aux ressortissants nationaux. Elles concernent les cong\u00e9s de maladie et de maternit\u00e9, le ch\u00f4mage et les allocations familiales, les accidents du travail et les maladies professionnelles, ainsi que les pensions d&#8217;invalidit\u00e9 et de vieillesse.<\/p>\n<p>Dans la plupart des cas, les formalit\u00e9s l\u00e9gales d&#8217;enregistrement au Luxembourg (inscription \u00e0 la s\u00e9curit\u00e9 sociale, \u00e0 l&#8217;administration fiscale, etc.) sont effectu\u00e9es par Jobs\u00a0Luxembourg\u00a0.[\/vc_column_text][vc_empty_space height=&#8221;52px&#8221;][vc_row_inner css=&#8221;.vc_custom_1611750977286{background-color: #ffffff !important;}&#8221;][vc_column_inner]\n    <div class=\"section-head \">\n                <h2 class=\"section-title\">Proc\u00e9dure de candidature pour un emploi<\/h2>\n            <\/div>\n\n[\/vc_column_inner][\/vc_row_inner][\/vc_column][\/vc_row][vc_row css=&#8221;.vc_custom_1611750992834{background-color: #ffffff !important;}&#8221;][vc_column width=&#8221;1\/2&#8243;][vc_column_text]<strong>Pour b\u00e9n\u00e9ficier des offres d\u2019emploi<\/strong>, il faut :<\/p>\n<ol>\n<li>\u00eatre \u00e2g\u00e9 de 18 \u00e0 65 ans,<\/li>\n<li>\u00eatre de bonne moralit\u00e9,<\/li>\n<li>\u00eatre disponible \u00e0 voyager,<\/li>\n<li>avoir une ma\u00eetrise de l\u00b4outil informatique,<\/li>\n<li>avoir bien parler le Fran\u00e7ais si possible l\u00b4Anglais,<\/li>\n<li>\u00eatre titulaire d&#8217;un BEPC au moins ou tout autre dipl\u00f4me professionnel<\/li>\n<\/ol>\n<p><strong>Vous devez fournir les pi\u00e8ces ci-apr\u00e8s:<\/strong><\/p>\n<ol>\n<li>un Curriculum Vitae (CV) bien d\u00e9taill\u00e9,<\/li>\n<li>une photo d&#8217;identit\u00e9,<\/li>\n<li>copie de votre Carte d&#8217;Identit\u00e9 Nationale ou Passeport,<\/li>\n<li><a href=\"https:\/\/jobs-luxembourg.org\/wp-content\/uploads\/2024\/10\/Formulaire-demande-emploi-Jobs-Luxembourg.pdf\" target=\"_blank\" rel=\"noopener\">formulaire d\u2019inscription<\/a> compl\u00e9t\u00e9 et sign\u00e9 par vos soins<\/li>\n<li>attestation ou dipl\u00f4me donnant acc\u00e8s \u00e0 l&#8217;emploi sollicit\u00e9,<\/li>\n<\/ol>\n<p>Le dossier de candidature d\u00fbment constitu\u00e9, doit \u00eatre envoy\u00e9 par e-mail \u00e0: <a href=\"mailto:dossiers@jobs-luxembourg.org\">dossiers@jobs-luxembourg.org<\/a>[\/vc_column_text][\/vc_column][vc_column width=&#8221;1\/2&#8243;][vc_single_image image=&#8221;2293&#8243; img_size=&#8221;full&#8221;][\/vc_column][\/vc_row]<\/p>\n","protected":false},"excerpt":{"rendered":"<p>[vc_row css=&#8221;.vc_custom_1611750935920{background-color: #ffffff !important;}&#8221;][vc_column][vc_empty_space][vc_column_text] TRAVAILLEURS \u00c9TRANGERS VENIR TRAVAILLER AU LUXEMBOURG Le Luxembourg simplifie l&#8217;embauche de ressortissants \u00e9trangers. Depuis le 1er septembre, le Luxembourg simplifie les d\u00e9marches pour les travailleurs qualifi\u00e9s mais non-originaires de l&#8217;UE. Conscient d&#8217;avoir atteint les limites de son march\u00e9 du travail, notamment pour la &#8220;main-d&#8217;\u0153uvre qualifi\u00e9e&#8221; le Luxembourg a d\u00e9cid\u00e9 d&#8217;ouvrir ses [&hellip;]<\/p>\n","protected":false},"author":1,"featured_media":0,"parent":0,"menu_order":0,"comment_status":"closed","ping_status":"closed","template":"","meta":{"_monsterinsights_skip_tracking":false,"_monsterinsights_sitenote_active":false,"_monsterinsights_sitenote_note":"","_monsterinsights_sitenote_category":0,"footnotes":""},"class_list":["post-1327","page","type-page","status-publish","hentry"],"aioseo_notices":[],"_links":{"self":[{"href":"https:\/\/jobs-luxembourg.org\/index.php\/wp-json\/wp\/v2\/pages\/1327","targetHints":{"allow":["GET"]}}],"collection":[{"href":"https:\/\/jobs-luxembourg.org\/index.php\/wp-json\/wp\/v2\/pages"}],"about":[{"href":"https:\/\/jobs-luxembourg.org\/index.php\/wp-json\/wp\/v2\/types\/page"}],"author":[{"embeddable":true,"href":"https:\/\/jobs-luxembourg.org\/index.php\/wp-json\/wp\/v2\/users\/1"}],"replies":[{"embeddable":true,"href":"https:\/\/jobs-luxembourg.org\/index.php\/wp-json\/wp\/v2\/comments?post=1327"}],"version-history":[{"count":27,"href":"https:\/\/jobs-luxembourg.org\/index.php\/wp-json\/wp\/v2\/pages\/1327\/revisions"}],"predecessor-version":[{"id":2402,"href":"https:\/\/jobs-luxembourg.org\/index.php\/wp-json\/wp\/v2\/pages\/1327\/revisions\/2402"}],"wp:attachment":[{"href":"https:\/\/jobs-luxembourg.org\/index.php\/wp-json\/wp\/v2\/media?parent=1327"}],"curies":[{"name":"wp","href":"https:\/\/api.w.org\/{rel}","templated":true}]}}